{"id":1040,"date":"2015-12-21T15:11:49","date_gmt":"2015-12-21T15:11:49","guid":{"rendered":"http:\/\/nicolas-sport-morzine.fr\/en\/?page_id=1040"},"modified":"2021-05-10T08:30:22","modified_gmt":"2021-05-10T08:30:22","slug":"contact","status":"publish","type":"page","link":"https:\/\/nicolas-sport-morzine.fr\/en\/contact\/","title":{"rendered":"Contact"},"content":{"rendered":"<p>[et_pb_section fb_built=&#8221;1&#8243; custom_padding_last_edited=&#8221;on|desktop&#8221; admin_label=&#8221;section&#8221; _builder_version=&#8221;3.22&#8243; background_color=&#8221;#383838&#8243; custom_padding_tablet=&#8221;50px|0|50px|0&#8243; custom_padding_phone=&#8221;&#8221; transparent_background=&#8221;off&#8221; padding_mobile=&#8221;off&#8221; make_fullwidth=&#8221;off&#8221; use_custom_width=&#8221;off&#8221; width_unit=&#8221;on&#8221;][et_pb_row column_structure=&#8221;1_4,3_4&#8243; admin_label=&#8221;row&#8221; _builder_version=&#8221;3.25&#8243; background_size=&#8221;initial&#8221; background_position=&#8221;top_left&#8221; background_repeat=&#8221;repeat&#8221;][et_pb_column type=&#8221;1_4&#8243; _builder_version=&#8221;3.25&#8243; custom_padding=&#8221;|||&#8221; custom_padding__hover=&#8221;|||&#8221;][et_pb_text admin_label=&#8221;Texte&#8221; _builder_version=&#8221;3.27.4&#8243; background_size=&#8221;initial&#8221; background_position=&#8221;top_left&#8221; background_repeat=&#8221;repeat&#8221; use_border_color=&#8221;off&#8221; border_color=&#8221;#ffffff&#8221; border_style=&#8221;solid&#8221;]<\/p>\n<h3 style=\"text-align: center;\">Practical informations<\/h3>\n<p style=\"text-align: center;\"><strong><span id=\"result_box\" class=\"\" lang=\"en\"><span class=\"hps\">Nicolas<\/span> <span class=\"hps\">Sports is located in<\/span> <span class=\"hps\">Morzine village<\/span> <span class=\"hps\">center<\/span>, opposite the <span class=\"hps\">ski lift<\/span> Mas <span class=\"hps\">Verjus<\/span>, close to <span class=\"hps\">the ESF<\/span><span class=\"\">.<\/span><\/span><\/strong><\/p>\n<p style=\"text-align: center;\"><strong><span style=\"text-decoration: underline;\">Address<\/span> :<\/strong>\u00a0 446 avenue de Joux Plane 74110 MORZINE<\/p>\n<p style=\"text-align: center;\"><strong><span style=\"text-decoration: underline;\">Phone<\/span> :<\/strong> +33 (0)4 50 79 06 08<\/p>\n<p style=\"text-align: center;\"><strong><span style=\"text-decoration: underline;\">Opening hours<\/span> :<\/strong> 8:00 &#8211; 19:00 everyday from december until aprl<\/p>\n<p>[\/et_pb_text][\/et_pb_column][et_pb_column type=&#8221;3_4&#8243; _builder_version=&#8221;3.25&#8243; custom_padding=&#8221;|||&#8221; custom_padding__hover=&#8221;|||&#8221;][et_pb_map address=&#8221;Morzine, France&#8221; zoom_level=&#8221;12&#8243; address_lat=&#8221;46.17632147156599&#8243; address_lng=&#8221;6.706881436492949&#8243; admin_label=&#8221;Carte&#8221; _builder_version=&#8221;3.0.91&#8243;][et_pb_map_pin title=&#8221;Nicolas Sports&#8221; pin_address=&#8221;446 Avenue de Joux Plane, 74110 Morzine, France&#8221; pin_address_lat=&#8221;46.1783626&#8243; pin_address_lng=&#8221;6.7055189000000155&#8243; _builder_version=&#8221;3.0.47&#8243;] Info sur le shop [\/et_pb_map_pin][\/et_pb_map][\/et_pb_column][\/et_pb_row][\/et_pb_section][et_pb_section fb_built=&#8221;1&#8243; admin_label=&#8221;Section&#8221; _builder_version=&#8221;3.22&#8243;][et_pb_row admin_label=&#8221;Ligne&#8221; _builder_version=&#8221;3.25&#8243; background_size=&#8221;initial&#8221; background_position=&#8221;top_left&#8221; background_repeat=&#8221;repeat&#8221;][et_pb_column type=&#8221;4_4&#8243; _builder_version=&#8221;3.25&#8243; custom_padding=&#8221;|||&#8221; custom_padding__hover=&#8221;|||&#8221;][et_pb_contact_form use_spam_service=&#8221;on&#8221; recaptcha_list=&#8221;nicolas|nicolas-0&#8243; email=&#8221;info@nicolas-sport-morzine.fr&#8221; title=&#8221;A question?&#8221; admin_label=&#8221;Formulaire de contact&#8221; _builder_version=&#8221;4.9.4&#8243; form_field_text_color=&#8221;#000000&#8243; title_text_color=&#8221;#000000&#8243; hover_enabled=&#8221;0&#8243; custom_css_text_field=&#8221;color: #000&#8243; custom_css_captcha_label=&#8221;color: #000&#8243; border_radii=&#8221;on|0px|0px|0px|0px&#8221; use_border_color=&#8221;off&#8221; border_color=&#8221;#ffffff&#8221; border_style=&#8221;solid&#8221; input_border_radius=&#8221;0&#8243; button_letter_spacing_hover=&#8221;0&#8243; sticky_enabled=&#8221;0&#8243;][et_pb_contact_field field_id=&#8221;Name&#8221; field_title=&#8221;Nom&#8221; _builder_version=&#8221;3.16&#8243; button_text_size__hover_enabled=&#8221;off&#8221; button_one_text_size__hover_enabled=&#8221;off&#8221; button_two_text_size__hover_enabled=&#8221;off&#8221; button_text_color__hover_enabled=&#8221;off&#8221; button_one_text_color__hover_enabled=&#8221;off&#8221; button_two_text_color__hover_enabled=&#8221;off&#8221; button_border_width__hover_enabled=&#8221;off&#8221; button_one_border_width__hover_enabled=&#8221;off&#8221; button_two_border_width__hover_enabled=&#8221;off&#8221; button_border_color__hover_enabled=&#8221;off&#8221; button_one_border_color__hover_enabled=&#8221;off&#8221; button_two_border_color__hover_enabled=&#8221;off&#8221; button_border_radius__hover_enabled=&#8221;off&#8221; button_one_border_radius__hover_enabled=&#8221;off&#8221; button_two_border_radius__hover_enabled=&#8221;off&#8221; button_letter_spacing__hover_enabled=&#8221;off&#8221; button_one_letter_spacing__hover_enabled=&#8221;off&#8221; button_two_letter_spacing__hover_enabled=&#8221;off&#8221; button_bg_color__hover_enabled=&#8221;off&#8221; button_one_bg_color__hover_enabled=&#8221;off&#8221; button_two_bg_color__hover_enabled=&#8221;off&#8221;][\/et_pb_contact_field][et_pb_contact_field field_id=&#8221;Email&#8221; field_title=&#8221;Adresse e-mail&#8221; field_type=&#8221;email&#8221; _builder_version=&#8221;3.16&#8243; button_text_size__hover_enabled=&#8221;off&#8221; button_one_text_size__hover_enabled=&#8221;off&#8221; button_two_text_size__hover_enabled=&#8221;off&#8221; button_text_color__hover_enabled=&#8221;off&#8221; button_one_text_color__hover_enabled=&#8221;off&#8221; button_two_text_color__hover_enabled=&#8221;off&#8221; button_border_width__hover_enabled=&#8221;off&#8221; button_one_border_width__hover_enabled=&#8221;off&#8221; button_two_border_width__hover_enabled=&#8221;off&#8221; button_border_color__hover_enabled=&#8221;off&#8221; button_one_border_color__hover_enabled=&#8221;off&#8221; button_two_border_color__hover_enabled=&#8221;off&#8221; button_border_radius__hover_enabled=&#8221;off&#8221; button_one_border_radius__hover_enabled=&#8221;off&#8221; button_two_border_radius__hover_enabled=&#8221;off&#8221; button_letter_spacing__hover_enabled=&#8221;off&#8221; button_one_letter_spacing__hover_enabled=&#8221;off&#8221; button_two_letter_spacing__hover_enabled=&#8221;off&#8221; button_bg_color__hover_enabled=&#8221;off&#8221; button_one_bg_color__hover_enabled=&#8221;off&#8221; button_two_bg_color__hover_enabled=&#8221;off&#8221;][\/et_pb_contact_field][et_pb_contact_field field_id=&#8221;Message&#8221; field_title=&#8221;Message&#8221; field_type=&#8221;text&#8221; _builder_version=&#8221;3.16&#8243; button_text_size__hover_enabled=&#8221;off&#8221; button_one_text_size__hover_enabled=&#8221;off&#8221; button_two_text_size__hover_enabled=&#8221;off&#8221; button_text_color__hover_enabled=&#8221;off&#8221; button_one_text_color__hover_enabled=&#8221;off&#8221; button_two_text_color__hover_enabled=&#8221;off&#8221; button_border_width__hover_enabled=&#8221;off&#8221; button_one_border_width__hover_enabled=&#8221;off&#8221; button_two_border_width__hover_enabled=&#8221;off&#8221; button_border_color__hover_enabled=&#8221;off&#8221; button_one_border_color__hover_enabled=&#8221;off&#8221; button_two_border_color__hover_enabled=&#8221;off&#8221; button_border_radius__hover_enabled=&#8221;off&#8221; button_one_border_radius__hover_enabled=&#8221;off&#8221; button_two_border_radius__hover_enabled=&#8221;off&#8221; button_letter_spacing__hover_enabled=&#8221;off&#8221; button_one_letter_spacing__hover_enabled=&#8221;off&#8221; button_two_letter_spacing__hover_enabled=&#8221;off&#8221; button_bg_color__hover_enabled=&#8221;off&#8221; button_one_bg_color__hover_enabled=&#8221;off&#8221; button_two_bg_color__hover_enabled=&#8221;off&#8221;][\/et_pb_contact_field][\/et_pb_contact_form][\/et_pb_column][\/et_pb_row][\/et_pb_section]<\/p>\n","protected":false},"excerpt":{"rendered":"<p>Practical informations Nicolas Sports is located in Morzine village center, opposite the ski lift Mas Verjus, close to the ESF. Address :\u00a0 446 avenue de Joux Plane 74110 MORZINE Phone : +33 (0)4 50 79 06 08 Opening hours : 8:00 &#8211; 19:00 everyday from december until aprl Info sur le shop<\/p>\n","protected":false},"author":2,"featured_media":0,"parent":0,"menu_order":0,"comment_status":"closed","ping_status":"closed","template":"","meta":{"_et_pb_use_builder":"on","_et_pb_old_content":"<p>[et_pb_section admin_label=\"section\" transparent_background=\"off\" allow_player_pause=\"off\" inner_shadow=\"off\" parallax=\"off\" parallax_method=\"off\" padding_mobile=\"off\" make_fullwidth=\"off\" use_custom_width=\"off\" width_unit=\"on\" make_equal=\"off\" use_custom_gutter=\"off\" gutter_width=\"3\" background_color=\"#383838\"][et_pb_row admin_label=\"row\"][et_pb_column type=\"1_4\"][et_pb_text admin_label=\"Texte\" background_layout=\"light\" text_orientation=\"left\" use_border_color=\"off\" border_color=\"#ffffff\" border_style=\"solid\" text_font_size=\"14\"]<\/p><h3 style=\"text-align: center;\">Informations utiles<\/h3><p style=\"text-align: center;\"><strong>Nicolas Sports est situ\u00e9 au centre du village de Morzine, face au t\u00e9l\u00e9ski du Mas Verjus, \u00e0 proximit\u00e9 de L'ESF.<\/strong><\/p><p style=\"text-align: center;\"><strong><span style=\"text-decoration: underline;\">Adresse<\/span> :<\/strong>\u00a0 446 avenue de Joux Plane 74110 MORZINE74220<\/p><p style=\"text-align: center;\"><strong><span style=\"text-decoration: underline;\">T\u00e9l\u00e9phone<\/span> :<\/strong> 04 50 79 06 08<\/p><p style=\"text-align: center;\"><strong><span style=\"text-decoration: underline;\">Horaires d'ouverture<\/span> :<\/strong> 8:00 - 19:00 tous les jours de d\u00e9cembre \u00e0 avril<\/p><p>[\/et_pb_text][\/et_pb_column][et_pb_column type=\"3_4\"][et_pb_map admin_label=\"Carte\" address=\"Morzine, France\" zoom_level=\"12\" address_lat=\"46.17632147156599\" address_lng=\"6.706881436492949\" mouse_wheel=\"on\" use_grayscale_filter=\"off\"] [et_pb_map_pin title=\"Nicolas Sports\" pin_address=\"446 Avenue de Joux Plane, 74110 Morzine, France\" pin_address_lat=\"46.1783626\" pin_address_lng=\"6.7055189000000155\"] Info sur le shop [\/et_pb_map_pin] [\/et_pb_map][\/et_pb_column][\/et_pb_row][\/et_pb_section][et_pb_section admin_label=\"Section\" fullwidth=\"off\" specialty=\"off\"][et_pb_row admin_label=\"Ligne\"][et_pb_column type=\"4_4\"][et_pb_contact_form admin_label=\"Formulaire de contact\" captcha=\"off\" title=\"Une question?\" use_border_color=\"off\" border_color=\"#ffffff\" border_style=\"solid\" custom_button=\"off\" button_letter_spacing=\"0\" button_use_icon=\"default\" button_icon_placement=\"right\" button_on_hover=\"on\" button_letter_spacing_hover=\"0\" title_font_size=\"26\" form_field_font_size=\"14\" button_text_size=\"20\" button_border_width=\"2\" button_border_radius=\"3\" button_border_radius_hover=\"15\" title_text_color=\"#000000\" email=\"info@nicolas-sport-morzine.fr\"] [\/et_pb_contact_form][\/et_pb_column][\/et_pb_row][\/et_pb_section][et_pb_section admin_label=\"Section\" global_module=\"872\" fullwidth=\"off\" specialty=\"off\" transparent_background=\"off\" background_color=\"#68b6ff\" allow_player_pause=\"off\" inner_shadow=\"off\" parallax=\"off\" parallax_method=\"off\" padding_mobile=\"off\" make_fullwidth=\"off\" use_custom_width=\"off\" width_unit=\"on\" make_equal=\"off\" use_custom_gutter=\"off\" gutter_width=\"3\" disabled=\"off\"][et_pb_row global_parent=\"872\" admin_label=\"Ligne\" make_fullwidth=\"off\" use_custom_width=\"off\" width_unit=\"on\" custom_width_px=\"1200px\" use_custom_gutter=\"off\" padding_mobile=\"off\" allow_player_pause=\"off\" parallax=\"off\" parallax_method=\"off\" make_equal=\"off\" column_padding_mobile=\"on\" custom_css_main_element=\"margin-bottom:0px;||padding-bottom: 0px;||border-bottom: solid 1px;\"][et_pb_column type=\"4_4\"][et_pb_text global_parent=\"872\" admin_label=\"Texte\" background_layout=\"light\" text_orientation=\"left\" use_border_color=\"off\" border_color=\"#ffffff\" border_style=\"solid\" custom_css_main_element=\"background-color: rgba(255,255,255,0.2)\" text_font_size=\"14\"]<\/p><h2 style=\"text-align: center;\">R\u00e9servation en ligne<\/h2><h3 style=\"text-align: center;\"><span style=\"color: #ff3a3a;\">jusqu'\u00e0 40% de remise<br \/> <\/span><\/h3><p style=\"text-align: justify;\">[\/et_pb_text][\/et_pb_column][\/et_pb_row][et_pb_row global_parent=\"872\" admin_label=\"Ligne\" make_fullwidth=\"off\" use_custom_width=\"off\" width_unit=\"on\" use_custom_gutter=\"off\" padding_mobile=\"off\" module_id=\"calone\" allow_player_pause=\"off\" parallax=\"off\" parallax_method=\"off\" make_equal=\"off\" column_padding_mobile=\"on\" custom_css_main_element=\"background-color: rgba(255, 255, 255, 0.2)\" gutter_width=\"3\" parallax_1=\"off\" parallax_method_1=\"off\" parallax_2=\"off\" parallax_method_2=\"off\"][et_pb_column type=\"1_4\"][et_pb_text global_parent=\"872\" admin_label=\"Texte\" background_layout=\"light\" text_orientation=\"left\" use_border_color=\"off\" border_color=\"#ffffff\" border_style=\"solid\" custom_padding=\"10px|10px|10px|10px\" text_font_size=\"14\"]<\/p><p><img class=\"size-thumbnail wp-image-965 aligncenter\" src=\"https:\/\/nicolas-sport-morzine.fr\/wp-content\/uploads\/pointeur-ski-blanc-150x150.png\" alt=\"pointeur-ski-blanc\" width=\"150\" height=\"150\" \/><\/p><p style=\"text-align: justify;\">[\/et_pb_text][\/et_pb_column][et_pb_column type=\"3_4\"][et_pb_text global_parent=\"872\" admin_label=\"Texte php xyz\" background_layout=\"light\" text_orientation=\"left\" module_id=\"zzz\" use_border_color=\"off\" border_color=\"#ffffff\" border_style=\"solid\" disabled=\"on\"] [xyz-ips snippet=\"calendrier-skirent\"]<\/p><p style=\"text-align: justify;\">[\/et_pb_text][et_pb_text global_parent=\"872\" admin_label=\"Texte php code snipet\" background_layout=\"light\" text_orientation=\"left\" text_font_size=\"14\" use_border_color=\"off\" border_color=\"#ffffff\" border_style=\"solid\" disabled=\"off\" module_id=\"zzz\"] [php snippet=1]<\/p><p style=\"text-align: justify;\">[\/et_pb_text][\/et_pb_column][\/et_pb_row][\/et_pb_section]<\/p><p style=\"text-align: justify;\">\u00a0<\/p>","_et_gb_content_width":"","footnotes":""},"class_list":["post-1040","page","type-page","status-publish","hentry"],"yoast_head":"<!-- This site is optimized with the Yoast SEO plugin v27.4 - https:\/\/yoast.com\/product\/yoast-seo-wordpress\/ -->\n<title>Contact - Nicolas Sport Morzine<\/title>\n<meta name=\"robots\" content=\"index, follow, max-snippet:-1, max-image-preview:large, max-video-preview:-1\" \/>\n<link rel=\"canonical\" href=\"https:\/\/nicolas-sport-morzine.fr\/en\/contact\/\" \/>\n<meta property=\"og:locale\" content=\"en_US\" \/>\n<meta property=\"og:type\" content=\"article\" \/>\n<meta property=\"og:title\" content=\"Contact - Nicolas Sport Morzine\" \/>\n<meta property=\"og:description\" content=\"Practical informations Nicolas Sports is located in Morzine village center, opposite the ski lift Mas Verjus, close to the ESF. Address :\u00a0 446 avenue de Joux Plane 74110 MORZINE Phone : +33 (0)4 50 79 06 08 Opening hours : 8:00 - 19:00 everyday from december until aprl Info sur le shop\" \/>\n<meta property=\"og:url\" content=\"https:\/\/nicolas-sport-morzine.fr\/en\/contact\/\" \/>\n<meta property=\"og:site_name\" content=\"Nicolas Sport Morzine\" \/>\n<meta property=\"article:publisher\" content=\"https:\/\/www.facebook.com\/Nicolas-Sport-544970995669966\/\" \/>\n<meta property=\"article:modified_time\" content=\"2021-05-10T08:30:22+00:00\" \/>\n<meta name=\"twitter:card\" content=\"summary_large_image\" \/>\n<script type=\"application\/ld+json\" class=\"yoast-schema-graph\">{\"@context\":\"https:\\\/\\\/schema.org\",\"@graph\":[{\"@type\":\"WebPage\",\"@id\":\"https:\\\/\\\/nicolas-sport-morzine.fr\\\/en\\\/contact\\\/\",\"url\":\"https:\\\/\\\/nicolas-sport-morzine.fr\\\/en\\\/contact\\\/\",\"name\":\"Contact - Nicolas Sport Morzine\",\"isPartOf\":{\"@id\":\"https:\\\/\\\/nicolas-sport-morzine.fr\\\/#website\"},\"datePublished\":\"2015-12-21T15:11:49+00:00\",\"dateModified\":\"2021-05-10T08:30:22+00:00\",\"breadcrumb\":{\"@id\":\"https:\\\/\\\/nicolas-sport-morzine.fr\\\/en\\\/contact\\\/#breadcrumb\"},\"inLanguage\":\"en-US\",\"potentialAction\":[{\"@type\":\"ReadAction\",\"target\":[\"https:\\\/\\\/nicolas-sport-morzine.fr\\\/en\\\/contact\\\/\"]}]},{\"@type\":\"BreadcrumbList\",\"@id\":\"https:\\\/\\\/nicolas-sport-morzine.fr\\\/en\\\/contact\\\/#breadcrumb\",\"itemListElement\":[{\"@type\":\"ListItem\",\"position\":1,\"name\":\"Accueil\",\"item\":\"https:\\\/\\\/nicolas-sport-morzine.fr\\\/en\\\/\"},{\"@type\":\"ListItem\",\"position\":2,\"name\":\"Contact\"}]},{\"@type\":\"WebSite\",\"@id\":\"https:\\\/\\\/nicolas-sport-morzine.fr\\\/#website\",\"url\":\"https:\\\/\\\/nicolas-sport-morzine.fr\\\/\",\"name\":\"Nicolas Sport Morzine\",\"description\":\"Ski rental Morzine\",\"potentialAction\":[{\"@type\":\"SearchAction\",\"target\":{\"@type\":\"EntryPoint\",\"urlTemplate\":\"https:\\\/\\\/nicolas-sport-morzine.fr\\\/?s={search_term_string}\"},\"query-input\":{\"@type\":\"PropertyValueSpecification\",\"valueRequired\":true,\"valueName\":\"search_term_string\"}}],\"inLanguage\":\"en-US\"}]}<\/script>\n<!-- \/ Yoast SEO plugin. -->","yoast_head_json":{"title":"Contact - Nicolas Sport Morzine","robots":{"index":"index","follow":"follow","max-snippet":"max-snippet:-1","max-image-preview":"max-image-preview:large","max-video-preview":"max-video-preview:-1"},"canonical":"https:\/\/nicolas-sport-morzine.fr\/en\/contact\/","og_locale":"en_US","og_type":"article","og_title":"Contact - Nicolas Sport Morzine","og_description":"Practical informations Nicolas Sports is located in Morzine village center, opposite the ski lift Mas Verjus, close to the ESF. Address :\u00a0 446 avenue de Joux Plane 74110 MORZINE Phone : +33 (0)4 50 79 06 08 Opening hours : 8:00 - 19:00 everyday from december until aprl Info sur le shop","og_url":"https:\/\/nicolas-sport-morzine.fr\/en\/contact\/","og_site_name":"Nicolas Sport Morzine","article_publisher":"https:\/\/www.facebook.com\/Nicolas-Sport-544970995669966\/","article_modified_time":"2021-05-10T08:30:22+00:00","twitter_card":"summary_large_image","schema":{"@context":"https:\/\/schema.org","@graph":[{"@type":"WebPage","@id":"https:\/\/nicolas-sport-morzine.fr\/en\/contact\/","url":"https:\/\/nicolas-sport-morzine.fr\/en\/contact\/","name":"Contact - Nicolas Sport Morzine","isPartOf":{"@id":"https:\/\/nicolas-sport-morzine.fr\/#website"},"datePublished":"2015-12-21T15:11:49+00:00","dateModified":"2021-05-10T08:30:22+00:00","breadcrumb":{"@id":"https:\/\/nicolas-sport-morzine.fr\/en\/contact\/#breadcrumb"},"inLanguage":"en-US","potentialAction":[{"@type":"ReadAction","target":["https:\/\/nicolas-sport-morzine.fr\/en\/contact\/"]}]},{"@type":"BreadcrumbList","@id":"https:\/\/nicolas-sport-morzine.fr\/en\/contact\/#breadcrumb","itemListElement":[{"@type":"ListItem","position":1,"name":"Accueil","item":"https:\/\/nicolas-sport-morzine.fr\/en\/"},{"@type":"ListItem","position":2,"name":"Contact"}]},{"@type":"WebSite","@id":"https:\/\/nicolas-sport-morzine.fr\/#website","url":"https:\/\/nicolas-sport-morzine.fr\/","name":"Nicolas Sport Morzine","description":"Ski rental Morzine","potentialAction":[{"@type":"SearchAction","target":{"@type":"EntryPoint","urlTemplate":"https:\/\/nicolas-sport-morzine.fr\/?s={search_term_string}"},"query-input":{"@type":"PropertyValueSpecification","valueRequired":true,"valueName":"search_term_string"}}],"inLanguage":"en-US"}]}},"_links":{"self":[{"href":"https:\/\/nicolas-sport-morzine.fr\/en\/wp-json\/wp\/v2\/pages\/1040","targetHints":{"allow":["GET"]}}],"collection":[{"href":"https:\/\/nicolas-sport-morzine.fr\/en\/wp-json\/wp\/v2\/pages"}],"about":[{"href":"https:\/\/nicolas-sport-morzine.fr\/en\/wp-json\/wp\/v2\/types\/page"}],"author":[{"embeddable":true,"href":"https:\/\/nicolas-sport-morzine.fr\/en\/wp-json\/wp\/v2\/users\/2"}],"replies":[{"embeddable":true,"href":"https:\/\/nicolas-sport-morzine.fr\/en\/wp-json\/wp\/v2\/comments?post=1040"}],"version-history":[{"count":0,"href":"https:\/\/nicolas-sport-morzine.fr\/en\/wp-json\/wp\/v2\/pages\/1040\/revisions"}],"wp:attachment":[{"href":"https:\/\/nicolas-sport-morzine.fr\/en\/wp-json\/wp\/v2\/media?parent=1040"}],"curies":[{"name":"wp","href":"https:\/\/api.w.org\/{rel}","templated":true}]}}